{"id":135,"date":"2024-02-20T09:32:29","date_gmt":"2024-02-20T08:32:29","guid":{"rendered":"https:\/\/kswtrade.com\/?page_id=135"},"modified":"2024-05-30T08:58:55","modified_gmt":"2024-05-30T06:58:55","slug":"erneuerbare-energien","status":"publish","type":"page","link":"https:\/\/kswtrade.com\/fr\/erneuerbare-energien\/","title":{"rendered":"\u00c9nergie renouvelable"},"content":{"rendered":"<section class=\"hero-section section\">\n\n    <div class=\"section-inner page-title\">\n        <div class=\"wrapper-full\">\n\n            <div class=\"grid-row vertical-bottom-align\">\n                <div class=\"col-8\"> \n                    <h1 class=\"h1 pagetitle\"><span class=\"word-lettering\">\u00c9nergie <br \/>\r\nrenouvelable<\/span><\/h1>                <\/div>\n                            <\/div>\n           \n\n        <\/div>\n    <\/div>\n\n\n    \n<div class=\"fs-bg\">\n\n    <div class=\"fs-bg-el has-overlay is-rounded\">\n        <img src=\"https:\/\/kswtrade.com\/wp-content\/uploads\/2024\/02\/markus-spiske-rNn_TU8dvoY.webp\" srcset=\"https:\/\/kswtrade.com\/wp-content\/uploads\/2024\/02\/markus-spiske-rNn_TU8dvoY.webp 1680w, https:\/\/kswtrade.com\/wp-content\/uploads\/2024\/02\/markus-spiske-rNn_TU8dvoY-1440x810.webp 1440w, https:\/\/kswtrade.com\/wp-content\/uploads\/2024\/02\/markus-spiske-rNn_TU8dvoY-1024x576.webp 1024w, https:\/\/kswtrade.com\/wp-content\/uploads\/2024\/02\/markus-spiske-rNn_TU8dvoY-768x432.webp 768w, https:\/\/kswtrade.com\/wp-content\/uploads\/2024\/02\/markus-spiske-rNn_TU8dvoY-512x288.webp 512w\"  width=\"1920\" height=\"1080\" alt=\"markus-spiske-rNn_TU8dvoY\" decoding=\"async\" loading=\"lazy\" >    <\/div>\n\n    \n<\/div>\n\n\n<\/section>\n\n\n\n\n\n\n<section class=\"text-section section\">\n    <div class=\"section-inner\">\n        <div class=\"wrapper\">\n\n            <div class=\"grid-row spaced-xlarge vertical-center-align\">\n\n                                <div class=\"col-7 pos-2 editor-content\"> \n                <h3>Des installations photovolta\u00efques efficaces<\/h3>\n<p class=\"h6\">Vos experts pour des installations photovolta\u00efques sur mesure. Nous proposons une planification individuelle, une installation professionnelle et une maintenance fiable.<\/p>\n<p>R\u00e9duisez vos co\u00fbts, optimisez votre budget \u00e9nerg\u00e9tique et minimisez ainsi votre empreinte \u00e9cologique. Concevez avec nous un avenir \u00e9nerg\u00e9tique durable. Contactez-nous pour une solution sur mesure !<\/p>\n<ul>\n<li>Qualit\u00e9<\/li>\n<li>Efficace<\/li>\n<li>R\u00e9duction des co\u00fbts<\/li>\n<\/ul>\n\n\n<a class=\"btn  btn-size-\" href=\"https:\/\/kswtrade.com\/fr\/kontakt\/\" target=\"\">\n        <span class=\"btn-text\">Prendre contact<\/span>\n        <span class=\"btn-icon fs-icon fs-icon-background\"><?xml version=\"1.0\" encoding=\"utf-8\"?>\n<!-- Generator: Adobe Illustrator 28.0.0, SVG Export Plug-In . SVG Version: 6.00 Build 0)  -->\n<svg version=\"1.1\" id=\"Ebene_1\" xmlns=\"http:\/\/www.w3.org\/2000\/svg\" xmlns:xlink=\"http:\/\/www.w3.org\/1999\/xlink\" x=\"0px\" y=\"0px\"\n\t viewbox=\"0 0 180.8 180.6\" style=\"enable-background:new 0 0 180.8 180.6;\" xml:space=\"preserve\" fill=\"currentColor\">\n<path d=\"M142.8,98.6c-1.8,0-3,0-4.2,0c-43.1,0-86.2,0-129.3,0.1c-1.9,0-2.5-0.6-2.4-2.4c0.2-4.1,0.2-8.1,0-12.2\tc-0.1-1.8,0.6-2.3,2.3-2.3c18.2,0.1,36.3,0,54.5,0c25.6,0,51.3,0,76.8,0c0.6,0,1.2,0.2,1.9-0.5c-3-3.1-5.9-6.4-8.9-9.5\tc-10.4-11.1-20.9-22.2-31.4-33.2c-1.4-1.5-1.5-2.2,0.2-3.5c3.3-2.8,6.5-5.7,9.6-8.7c1.2-1.1,1.8-1.3,3,0.1\tc15.1,16.4,30.3,32.8,45.4,49.1c4.2,4.4,8.2,9,12.4,13.4c0.9,1,1,1.6,0.1,2.6c-10.9,11.7-21.8,23.5-32.6,35.2\tc-8.2,9-16.5,17.8-24.8,26.8c-1.4,1.6-2.3,2.1-4.1,0.3c-3-3.1-6.4-6-9.7-8.9c-1.1-0.9-1-1.5,0-2.5c13.1-13.9,26.2-27.9,39.3-41.8\tC141.7,100,142.1,99.5,142.8,98.6z\"\/>\n<\/svg>\n<\/span>\n    <\/a>\n\n   \n                <\/div>\n\n                                <div class=\"col-5 pos-1 editor-content\"> \n                \n<div class=\"fs-media fs-media-ratio-3-4 sm-ratio- rounded-corners\">\n    <div class=\"fs-media-item\">\n        <img src=\"https:\/\/kswtrade.com\/wp-content\/uploads\/2024\/02\/solar-panels-944002-1024x768.webp\" srcset=\"https:\/\/kswtrade.com\/wp-content\/uploads\/2024\/02\/solar-panels-944002-1024x768.webp 1024w, https:\/\/kswtrade.com\/wp-content\/uploads\/2024\/02\/solar-panels-944002-768x576.webp 768w, https:\/\/kswtrade.com\/wp-content\/uploads\/2024\/02\/solar-panels-944002-512x384.webp 512w\"  width=\"1024\" height=\"768\" alt=\"solar-panels-944002\" decoding=\"async\" loading=\"lazy\" >    <\/div>\n<\/div>\n                <\/div>\n            <\/div>\n\n        <\/div>\n    <\/div>\n\n<\/section>\n\n\n\n\n\n\n<section class=\"text-section section\">\n    <div class=\"section-inner\">\n        <div class=\"wrapper\">\n\n            <div class=\"grid-row spaced-xlarge vertical-center-align\">\n\n                                <div class=\"col-7 pos-1 editor-content\"> \n                <h3>Solutions de stockage par batterie pour votre installation<\/h3>\n<p class=\"h6\">Investissez dans l'avenir avec nos solutions de stockage par batterie pour les \u00e9nergies renouvelables. Les syst\u00e8mes de batteries pour installations solaires repr\u00e9sentent un compl\u00e9ment intelligent \u00e0 votre installation solaire, qui utilise de mani\u00e8re optimale l'\u00e9lectricit\u00e9 solaire autoproduite.<\/p>\n<p>D\u00e8s que votre installation solaire produit plus d'\u00e9nergie que vous n'en consommez actuellement, le syst\u00e8me de batterie stocke cet exc\u00e9dent pour plus tard. Cela signifie que vous pouvez utiliser l'\u00e9lectricit\u00e9 solaire stock\u00e9e pendant la journ\u00e9e le soir ou lorsque le ciel est couvert, au lieu de devoir acheter de l'\u00e9lectricit\u00e9 suppl\u00e9mentaire sur le r\u00e9seau.<\/p>\n<ul>\n<li>Intelligent<\/li>\n<li>Ind\u00e9pendant du r\u00e9seau<\/li>\n<li>R\u00e9duction des co\u00fbts<\/li>\n<\/ul>\n   \n                <\/div>\n\n                                <div class=\"col-5 pos-2 editor-content\"> \n                \n<div class=\"fs-media fs-media-ratio-8-9 sm-ratio- rounded-corners\">\n    <div class=\"fs-media-item\">\n        <img src=\"https:\/\/kswtrade.com\/wp-content\/uploads\/2024\/02\/kumpan-electric-mLxy5nt9Z90-1024x683.webp\" srcset=\"https:\/\/kswtrade.com\/wp-content\/uploads\/2024\/02\/kumpan-electric-mLxy5nt9Z90-1024x683.webp 1024w, https:\/\/kswtrade.com\/wp-content\/uploads\/2024\/02\/kumpan-electric-mLxy5nt9Z90-768x512.webp 768w, https:\/\/kswtrade.com\/wp-content\/uploads\/2024\/02\/kumpan-electric-mLxy5nt9Z90-512x341.webp 512w\"  width=\"1024\" height=\"683\" alt=\"kumpan-electric-mLxy5nt9Z90\" decoding=\"async\" loading=\"lazy\" >    <\/div>\n<\/div>\n                <\/div>\n            <\/div>\n\n        <\/div>\n    <\/div>\n\n<\/section>\n\n\n\n\n\n\n<section class=\"text-section section\">\n    <div class=\"section-inner\">\n        <div class=\"wrapper\">\n\n            <div class=\"grid-row spaced-xlarge vertical-center-align\">\n\n                                <div class=\"col-7 pos-2 editor-content\"> \n                <h3>Stations de recharge pour v\u00e9hicules \u00e9lectriques<\/h3>\n<p class=\"h6\">Nos solutions sont sp\u00e9cialement con\u00e7ues pour soutenir les infrastructures anciennes ou nouvelles. Les stations de recharge intelligentes peuvent aujourd'hui utiliser l'\u00e9nergie solaire pour recharger votre v\u00e9hicule, ce qui pr\u00e9serve le r\u00e9seau \u00e9lectrique public et vous permet de charger de l'\u00e9lectricit\u00e9 verte.<\/p>\n<p>En fournissant de l'\u00e9nergie durable aux stations de recharge, nous contribuons activement \u00e0 la promotion de l'\u00e9lectromobilit\u00e9. Ensemble, nous construisons un avenir de la mobilit\u00e9 respectueux de l'environnement.<\/p>\n<ul>\n<li>Optimis\u00e9<\/li>\n<li>Tourn\u00e9 vers l'avenir<\/li>\n<li>R\u00e9duction des co\u00fbts<\/li>\n<\/ul>\n   \n                <\/div>\n\n                                <div class=\"col-5 pos-1 editor-content\"> \n                \n<div class=\"fs-media fs-media-ratio-3-4 sm-ratio- rounded-corners\">\n    <div class=\"fs-media-item\">\n        <img src=\"https:\/\/kswtrade.com\/wp-content\/uploads\/2024\/02\/zaptec-zuSjeUwRzFY-1024x683.webp\" srcset=\"https:\/\/kswtrade.com\/wp-content\/uploads\/2024\/02\/zaptec-zuSjeUwRzFY-1024x683.webp 1024w, https:\/\/kswtrade.com\/wp-content\/uploads\/2024\/02\/zaptec-zuSjeUwRzFY-768x512.webp 768w, https:\/\/kswtrade.com\/wp-content\/uploads\/2024\/02\/zaptec-zuSjeUwRzFY-512x342.webp 512w\"  width=\"1024\" height=\"683\" alt=\"zaptec-zuSjeUwRzFY\" decoding=\"async\" loading=\"lazy\" >    <\/div>\n<\/div>\n                <\/div>\n            <\/div>\n\n        <\/div>\n    <\/div>\n\n<\/section>\n\n\n\n\n<section class=\"cta-section section text-dark\">\n    <div class=\"section-inner\">\n        <div class=\"wrapper-full\">\n\n            <div class=\"grid-row vertical-bottom-align\">\n                <div class=\"col-7\"> \n                                        <h1 class=\"h2 pagetitle\"><span class=\"word-lettering\">Pr\u00eat \u00e0 optimiser<br \/>\r\nvotre \u00e9nergie ?<\/span><\/h1>\n                    <div class=\"fs-spacer-large\"><\/div>    \n                    <div class=\"fs-spacer-large\"><\/div>    \n                    <div class=\"fs-spacer-large\"><\/div>    \n                                        <div class=\"editor-content max-480\"><p class=\"h6\">Concevons ensemble votre utilisation individuelle de l'\u00e9nergie. Nous nous r\u00e9jouissons de r\u00e9pondre \u00e0 vos questions et de vous montrer la voie vers une production d'\u00e9nergie efficace.<\/p>\n<\/div>                <\/div>\n                                <div class=\"col-5\">\n                    \n<p class=\"align-right sm-align-left\">\n\n<a class=\"btn  btn-size-big\" href=\"https:\/\/kswtrade.com\/fr\/kontakt\/\" target=\"\">\n        <span class=\"btn-text\">Contactez nous<\/span>\n        <span class=\"btn-icon fs-icon fs-icon-background\"><?xml version=\"1.0\" encoding=\"utf-8\"?>\n<!-- Generator: Adobe Illustrator 28.0.0, SVG Export Plug-In . SVG Version: 6.00 Build 0)  -->\n<svg version=\"1.1\" id=\"Ebene_1\" xmlns=\"http:\/\/www.w3.org\/2000\/svg\" xmlns:xlink=\"http:\/\/www.w3.org\/1999\/xlink\" x=\"0px\" y=\"0px\"\n\t viewbox=\"0 0 180.8 180.6\" style=\"enable-background:new 0 0 180.8 180.6;\" xml:space=\"preserve\" fill=\"currentColor\">\n<path d=\"M142.8,98.6c-1.8,0-3,0-4.2,0c-43.1,0-86.2,0-129.3,0.1c-1.9,0-2.5-0.6-2.4-2.4c0.2-4.1,0.2-8.1,0-12.2\tc-0.1-1.8,0.6-2.3,2.3-2.3c18.2,0.1,36.3,0,54.5,0c25.6,0,51.3,0,76.8,0c0.6,0,1.2,0.2,1.9-0.5c-3-3.1-5.9-6.4-8.9-9.5\tc-10.4-11.1-20.9-22.2-31.4-33.2c-1.4-1.5-1.5-2.2,0.2-3.5c3.3-2.8,6.5-5.7,9.6-8.7c1.2-1.1,1.8-1.3,3,0.1\tc15.1,16.4,30.3,32.8,45.4,49.1c4.2,4.4,8.2,9,12.4,13.4c0.9,1,1,1.6,0.1,2.6c-10.9,11.7-21.8,23.5-32.6,35.2\tc-8.2,9-16.5,17.8-24.8,26.8c-1.4,1.6-2.3,2.1-4.1,0.3c-3-3.1-6.4-6-9.7-8.9c-1.1-0.9-1-1.5,0-2.5c13.1-13.9,26.2-27.9,39.3-41.8\tC141.7,100,142.1,99.5,142.8,98.6z\"\/>\n<\/svg>\n<\/span>\n    <\/a>\n\n<\/p\">\n                <\/div>\n                            <\/div>\n\n        <\/div>\n    <\/div>\n\n    \n<div class=\"fs-bg\">\n\n    <div class=\"fs-bg-el fs-bg-primary is-rounded\">\n            <\/div>\n\n    \n<\/div>\n\n\n<\/section>","protected":false},"excerpt":{"rendered":"","protected":false},"author":1,"featured_media":0,"parent":0,"menu_order":0,"comment_status":"closed","ping_status":"closed","template":"","meta":{"footnotes":""},"class_list":["post-135","page","type-page","status-publish","hentry"],"acf":[],"_links":{"self":[{"href":"https:\/\/kswtrade.com\/fr\/wp-json\/wp\/v2\/pages\/135","targetHints":{"allow":["GET"]}}],"collection":[{"href":"https:\/\/kswtrade.com\/fr\/wp-json\/wp\/v2\/pages"}],"about":[{"href":"https:\/\/kswtrade.com\/fr\/wp-json\/wp\/v2\/types\/page"}],"author":[{"embeddable":true,"href":"https:\/\/kswtrade.com\/fr\/wp-json\/wp\/v2\/users\/1"}],"replies":[{"embeddable":true,"href":"https:\/\/kswtrade.com\/fr\/wp-json\/wp\/v2\/comments?post=135"}],"version-history":[{"count":26,"href":"https:\/\/kswtrade.com\/fr\/wp-json\/wp\/v2\/pages\/135\/revisions"}],"predecessor-version":[{"id":357,"href":"https:\/\/kswtrade.com\/fr\/wp-json\/wp\/v2\/pages\/135\/revisions\/357"}],"wp:attachment":[{"href":"https:\/\/kswtrade.com\/fr\/wp-json\/wp\/v2\/media?parent=135"}],"curies":[{"name":"wp","href":"https:\/\/api.w.org\/{rel}","templated":true}]}}