{"id":137,"date":"2024-02-20T09:32:45","date_gmt":"2024-02-20T08:32:45","guid":{"rendered":"https:\/\/kswtrade.com\/?page_id=137"},"modified":"2024-05-07T11:23:44","modified_gmt":"2024-05-07T09:23:44","slug":"reinigung","status":"publish","type":"page","link":"https:\/\/kswtrade.com\/fr\/reinigung\/","title":{"rendered":"Nettoyage"},"content":{"rendered":"<section class=\"hero-section section\">\n\n    <div class=\"section-inner page-title\">\n        <div class=\"wrapper-full\">\n\n            <div class=\"grid-row vertical-bottom-align\">\n                <div class=\"col-8\"> \n                    <h1 class=\"h1 pagetitle translation-block\">Nettoyage de <br> vos panneaux<\/h1>                <\/div>\n                            <\/div>\n           \n\n        <\/div>\n    <\/div>\n\n\n    \n<div class=\"fs-bg\">\n\n    <div class=\"fs-bg-el has-overlay is-rounded\">\n        <img src=\"https:\/\/kswtrade.com\/wp-content\/uploads\/2024\/02\/M1_3_V2_1920px.webp\" srcset=\"https:\/\/kswtrade.com\/wp-content\/uploads\/2024\/02\/M1_3_V2_1920px.webp 1680w, https:\/\/kswtrade.com\/wp-content\/uploads\/2024\/02\/M1_3_V2_1920px-1440x810.webp 1440w, https:\/\/kswtrade.com\/wp-content\/uploads\/2024\/02\/M1_3_V2_1920px-1024x576.webp 1024w, https:\/\/kswtrade.com\/wp-content\/uploads\/2024\/02\/M1_3_V2_1920px-768x432.webp 768w, https:\/\/kswtrade.com\/wp-content\/uploads\/2024\/02\/M1_3_V2_1920px-512x288.webp 512w\"  width=\"1920\" height=\"1080\" alt=\"M1_3_V2_1920px\" decoding=\"async\" loading=\"lazy\" >    <\/div>\n\n    \n<\/div>\n\n\n<\/section>\n\n\n\n\n\n\n<section class=\"text-section section\">\n    <div class=\"section-inner\">\n        <div class=\"wrapper\">\n\n            <div class=\"grid-row spaced-xlarge vertical-center-align\">\n\n                                <div class=\"col-7 pos-2 editor-content\"> \n                <h3>Robot de nettoyage innovant<\/h3>\n<p class=\"h6\">Maximieren Sie Ihre Leistung durch unseren Reinigungsroboter f\u00fcr Solarmodule, PV-Anlagen und Glasd\u00e4cher.<\/p>\n<p>Par rapport au nettoyage manuel, l'utilisation de robots de nettoyage est plus efficace, car ils automatisent le processus de nettoyage et r\u00e9duisent ainsi les co\u00fbts de temps et de main-d'\u0153uvre.<\/p>\n<ul>\n<li>Petit et l\u00e9ger<\/li>\n<li>Capacit\u00e9 de nettoyage jusqu'\u00e0 800m\u00b2 par heure<\/li>\n<li>Robot de nettoyage solaire pour tous les types d'installations solaires<\/li>\n<\/ul>\n   \n                <\/div>\n\n                                <div class=\"col-5 pos-1 editor-content\"> \n                \n<div class=\"fs-media fs-media-ratio-1-1 sm-ratio- rounded-corners\">\n    <div class=\"fs-media-item\">\n        <img src=\"https:\/\/kswtrade.com\/wp-content\/uploads\/2024\/02\/M1-3.webp\" srcset=\"https:\/\/kswtrade.com\/wp-content\/uploads\/2024\/02\/M1-3.webp 1024w, https:\/\/kswtrade.com\/wp-content\/uploads\/2024\/02\/M1-3.webp 768w, https:\/\/kswtrade.com\/wp-content\/uploads\/2024\/02\/M1-3-512x402.webp 512w\"  width=\"700\" height=\"550\" alt=\"M1-3\" decoding=\"async\" loading=\"lazy\" >    <\/div>\n<\/div>\n                <\/div>\n            <\/div>\n\n        <\/div>\n    <\/div>\n\n<\/section>\n\n\n\n\n\n\n<section class=\"text-section section\">\n    <div class=\"section-inner\">\n        <div class=\"wrapper\">\n\n            <div class=\"grid-row spaced-xlarge vertical-center-align\">\n\n                                <div class=\"col-7 pos-1 editor-content\"> \n                <h3>Nettoyage manuel<\/h3>\n<p class=\"h6\">Le nettoyage manuel est l'une des m\u00e9thodes les plus simples pour nettoyer une installation PV. Il est souvent utilis\u00e9 pour les petites installations qui ne n\u00e9cessitent pas d'\u00e9quipement sp\u00e9cial. <\/p>\n<p>Le nettoyage s'effectue \u00e0 l'aide de brosses et d'\u00e9ponges afin de d\u00e9barrasser les modules solaires de la salet\u00e9, de la poussi\u00e8re et des d\u00e9p\u00f4ts.<\/p>\n   \n                <\/div>\n\n                                <div class=\"col-5 pos-2 editor-content\"> \n                \n<div class=\"fs-media fs-media-ratio-8-9 sm-ratio- rounded-corners\">\n    <div class=\"fs-media-item\">\n        <img src=\"https:\/\/kswtrade.com\/wp-content\/uploads\/2024\/02\/eyJwYXRoIjoic3VucnVuXC9maWxlXC9Wa2pYWUJzaTd1am9xOTR4OWFEZC5qcGcifQ-sunrun-Px76pc1p8eh5DdIQjWtTqkRkYIEsg1MxtBe4pALE4GE-Kopie-1024x519.webp\" srcset=\"https:\/\/kswtrade.com\/wp-content\/uploads\/2024\/02\/eyJwYXRoIjoic3VucnVuXC9maWxlXC9Wa2pYWUJzaTd1am9xOTR4OWFEZC5qcGcifQ-sunrun-Px76pc1p8eh5DdIQjWtTqkRkYIEsg1MxtBe4pALE4GE-Kopie-1024x519.webp 1024w, https:\/\/kswtrade.com\/wp-content\/uploads\/2024\/02\/eyJwYXRoIjoic3VucnVuXC9maWxlXC9Wa2pYWUJzaTd1am9xOTR4OWFEZC5qcGcifQ-sunrun-Px76pc1p8eh5DdIQjWtTqkRkYIEsg1MxtBe4pALE4GE-Kopie-768x389.webp 768w, https:\/\/kswtrade.com\/wp-content\/uploads\/2024\/02\/eyJwYXRoIjoic3VucnVuXC9maWxlXC9Wa2pYWUJzaTd1am9xOTR4OWFEZC5qcGcifQ-sunrun-Px76pc1p8eh5DdIQjWtTqkRkYIEsg1MxtBe4pALE4GE-Kopie-512x260.webp 512w\"  width=\"1024\" height=\"519\" alt=\"eyJwYXRoIjoic3VucnVuXC9maWxlXC9Wa2pYWUJzaTd1am9xOTR4OWFEZC5qcGcifQ sunrun Px76pc1p8eh5DdIQjWtTqkRkYIEsg1MxtBe4pALE4GE Kopie\" decoding=\"async\" loading=\"lazy\" >    <\/div>\n<\/div>\n                <\/div>\n            <\/div>\n\n        <\/div>\n    <\/div>\n\n<\/section>\n\n\n\n\n<section class=\"cta-section section text-dark\">\n    <div class=\"section-inner\">\n        <div class=\"wrapper-full\">\n\n            <div class=\"grid-row vertical-bottom-align\">\n                <div class=\"col-7\"> \n                                        <h1 class=\"h2 pagetitle\"><span class=\"word-lettering\">Pr\u00eat \u00e0 optimiser<br \/>\r\nvotre \u00e9nergie ?<\/span><\/h1>\n                    <div class=\"fs-spacer-large\"><\/div>    \n                    <div class=\"fs-spacer-large\"><\/div>    \n                    <div class=\"fs-spacer-large\"><\/div>    \n                                        <div class=\"editor-content max-480\"><p class=\"h6\">Concevons ensemble votre solution photovolta\u00efque personnalis\u00e9e. Nous nous r\u00e9jouissons de r\u00e9pondre \u00e0 vos questions et de vous montrer la voie vers une production d'\u00e9nergie efficace.<\/p>\n<\/div>                <\/div>\n                                <div class=\"col-5\">\n                    \n<p class=\"align-right sm-align-left\">\n\n<a class=\"btn  btn-size-big\" href=\"https:\/\/kswtrade.com\/fr\/kontakt\/\" target=\"\">\n        <span class=\"btn-text\">Contactez nous<\/span>\n        <span class=\"btn-icon fs-icon fs-icon-background\"><?xml version=\"1.0\" encoding=\"utf-8\"?>\n<!-- Generator: Adobe Illustrator 28.0.0, SVG Export Plug-In . SVG Version: 6.00 Build 0)  -->\n<svg version=\"1.1\" id=\"Ebene_1\" xmlns=\"http:\/\/www.w3.org\/2000\/svg\" xmlns:xlink=\"http:\/\/www.w3.org\/1999\/xlink\" x=\"0px\" y=\"0px\"\n\t viewbox=\"0 0 180.8 180.6\" style=\"enable-background:new 0 0 180.8 180.6;\" xml:space=\"preserve\" fill=\"currentColor\">\n<path d=\"M142.8,98.6c-1.8,0-3,0-4.2,0c-43.1,0-86.2,0-129.3,0.1c-1.9,0-2.5-0.6-2.4-2.4c0.2-4.1,0.2-8.1,0-12.2\tc-0.1-1.8,0.6-2.3,2.3-2.3c18.2,0.1,36.3,0,54.5,0c25.6,0,51.3,0,76.8,0c0.6,0,1.2,0.2,1.9-0.5c-3-3.1-5.9-6.4-8.9-9.5\tc-10.4-11.1-20.9-22.2-31.4-33.2c-1.4-1.5-1.5-2.2,0.2-3.5c3.3-2.8,6.5-5.7,9.6-8.7c1.2-1.1,1.8-1.3,3,0.1\tc15.1,16.4,30.3,32.8,45.4,49.1c4.2,4.4,8.2,9,12.4,13.4c0.9,1,1,1.6,0.1,2.6c-10.9,11.7-21.8,23.5-32.6,35.2\tc-8.2,9-16.5,17.8-24.8,26.8c-1.4,1.6-2.3,2.1-4.1,0.3c-3-3.1-6.4-6-9.7-8.9c-1.1-0.9-1-1.5,0-2.5c13.1-13.9,26.2-27.9,39.3-41.8\tC141.7,100,142.1,99.5,142.8,98.6z\"\/>\n<\/svg>\n<\/span>\n    <\/a>\n\n<\/p\">\n                <\/div>\n                            <\/div>\n\n        <\/div>\n    <\/div>\n\n    \n<div class=\"fs-bg\">\n\n    <div class=\"fs-bg-el fs-bg-primary is-rounded\">\n            <\/div>\n\n    \n<\/div>\n\n\n<\/section>","protected":false},"excerpt":{"rendered":"","protected":false},"author":1,"featured_media":0,"parent":0,"menu_order":0,"comment_status":"closed","ping_status":"closed","template":"","meta":{"footnotes":""},"class_list":["post-137","page","type-page","status-publish","hentry"],"acf":[],"_links":{"self":[{"href":"https:\/\/kswtrade.com\/fr\/wp-json\/wp\/v2\/pages\/137","targetHints":{"allow":["GET"]}}],"collection":[{"href":"https:\/\/kswtrade.com\/fr\/wp-json\/wp\/v2\/pages"}],"about":[{"href":"https:\/\/kswtrade.com\/fr\/wp-json\/wp\/v2\/types\/page"}],"author":[{"embeddable":true,"href":"https:\/\/kswtrade.com\/fr\/wp-json\/wp\/v2\/users\/1"}],"replies":[{"embeddable":true,"href":"https:\/\/kswtrade.com\/fr\/wp-json\/wp\/v2\/comments?post=137"}],"version-history":[{"count":13,"href":"https:\/\/kswtrade.com\/fr\/wp-json\/wp\/v2\/pages\/137\/revisions"}],"predecessor-version":[{"id":355,"href":"https:\/\/kswtrade.com\/fr\/wp-json\/wp\/v2\/pages\/137\/revisions\/355"}],"wp:attachment":[{"href":"https:\/\/kswtrade.com\/fr\/wp-json\/wp\/v2\/media?parent=137"}],"curies":[{"name":"wp","href":"https:\/\/api.w.org\/{rel}","templated":true}]}}