{"id":139,"date":"2024-02-20T09:32:51","date_gmt":"2024-02-20T08:32:51","guid":{"rendered":"https:\/\/kswtrade.com\/?page_id=139"},"modified":"2025-04-29T09:54:45","modified_gmt":"2025-04-29T07:54:45","slug":"projekte","status":"publish","type":"page","link":"https:\/\/kswtrade.com\/fr\/projekte\/","title":{"rendered":"Projects"},"content":{"rendered":"<section class=\"hero-section section\">\n\n    <div class=\"section-inner page-title\">\n        <div class=\"wrapper-full\">\n\n            <div class=\"grid-row vertical-bottom-align\">\n                <div class=\"col-8\"> \n                    <h1 class=\"h1 pagetitle\"><span class=\"word-lettering\">Quelques projets<\/span><\/h1>                <\/div>\n                            <\/div>\n           \n\n        <\/div>\n    <\/div>\n\n\n    \n<div class=\"fs-bg\">\n\n    <div class=\"fs-bg-el has-overlay is-rounded\">\n        <img src=\"https:\/\/kswtrade.com\/wp-content\/uploads\/2024\/02\/solar-panels-944002.webp\" srcset=\"https:\/\/kswtrade.com\/wp-content\/uploads\/2024\/02\/solar-panels-944002.webp 1680w, https:\/\/kswtrade.com\/wp-content\/uploads\/2024\/02\/solar-panels-944002.webp 1440w, https:\/\/kswtrade.com\/wp-content\/uploads\/2024\/02\/solar-panels-944002-1024x768.webp 1024w, https:\/\/kswtrade.com\/wp-content\/uploads\/2024\/02\/solar-panels-944002-768x576.webp 768w, https:\/\/kswtrade.com\/wp-content\/uploads\/2024\/02\/solar-panels-944002-512x384.webp 512w\"  width=\"1200\" height=\"900\" alt=\"solar-panels-944002\" decoding=\"async\" loading=\"lazy\" >    <\/div>\n\n    \n<\/div>\n\n\n<\/section>\n\n\n\n\n<section class=\"gallery-section section\">\n    <div class=\"section-inner\">\n        <div class=\"wrapper\">\n\n                        \n                        \n<div class=\"grid-row sm-2-col spaced-medium fs-gallery vertical-center-align\">\n\n        <div class=\"col-4 fs-gallery-item\">\n        \n<a href=\"https:\/\/kswtrade.com\/wp-content\/uploads\/2024\/04\/1697996309825-1024x768.webp\" data-fancybox=\"thisgallery\" >\n<div class=\"fs-media fs-media-ratio-1-1 sm-ratio- rounded-corners\">\n    <div class=\"fs-media-item\">\n        <img src=\"https:\/\/kswtrade.com\/wp-content\/uploads\/2024\/04\/1697996309825-512x384.webp\" srcset=\"https:\/\/kswtrade.com\/wp-content\/uploads\/2024\/04\/1697996309825-512x384.webp 512w\"  width=\"512\" height=\"384\" alt=\"1697996309825\" decoding=\"async\" loading=\"lazy\" >    <\/div>\n<\/div>\n<\/a>\n    <\/div>\n        <div class=\"col-4 fs-gallery-item\">\n        \n<a href=\"https:\/\/kswtrade.com\/wp-content\/uploads\/2024\/04\/1702995569567-1024x768.webp\" data-fancybox=\"thisgallery\" >\n<div class=\"fs-media fs-media-ratio-1-1 sm-ratio- rounded-corners\">\n    <div class=\"fs-media-item\">\n        <img src=\"https:\/\/kswtrade.com\/wp-content\/uploads\/2024\/04\/1702995569567-512x384.webp\" srcset=\"https:\/\/kswtrade.com\/wp-content\/uploads\/2024\/04\/1702995569567-512x384.webp 512w\"  width=\"512\" height=\"384\" alt=\"1702995569567\" decoding=\"async\" loading=\"lazy\" >    <\/div>\n<\/div>\n<\/a>\n    <\/div>\n        <div class=\"col-4 fs-gallery-item\">\n        \n<a href=\"https:\/\/kswtrade.com\/wp-content\/uploads\/2024\/04\/1703086972620-1024x768.webp\" data-fancybox=\"thisgallery\" >\n<div class=\"fs-media fs-media-ratio-1-1 sm-ratio- rounded-corners\">\n    <div class=\"fs-media-item\">\n        <img src=\"https:\/\/kswtrade.com\/wp-content\/uploads\/2024\/04\/1703086972620-512x384.webp\" srcset=\"https:\/\/kswtrade.com\/wp-content\/uploads\/2024\/04\/1703086972620-512x384.webp 512w\"  width=\"512\" height=\"384\" alt=\"1703086972620\" decoding=\"async\" loading=\"lazy\" >    <\/div>\n<\/div>\n<\/a>\n    <\/div>\n        <div class=\"col-4 fs-gallery-item\">\n        \n<a href=\"https:\/\/kswtrade.com\/wp-content\/uploads\/2024\/04\/1711725024967-1024x768.webp\" data-fancybox=\"thisgallery\" >\n<div class=\"fs-media fs-media-ratio-1-1 sm-ratio- rounded-corners\">\n    <div class=\"fs-media-item\">\n        <img src=\"https:\/\/kswtrade.com\/wp-content\/uploads\/2024\/04\/1711725024967-512x384.webp\" srcset=\"https:\/\/kswtrade.com\/wp-content\/uploads\/2024\/04\/1711725024967-512x384.webp 512w\"  width=\"512\" height=\"384\" alt=\"1711725024967\" decoding=\"async\" loading=\"lazy\" >    <\/div>\n<\/div>\n<\/a>\n    <\/div>\n        <div class=\"col-4 fs-gallery-item\">\n        \n<a href=\"https:\/\/kswtrade.com\/wp-content\/uploads\/2024\/04\/1711725024923-1024x768.webp\" data-fancybox=\"thisgallery\" >\n<div class=\"fs-media fs-media-ratio-1-1 sm-ratio- rounded-corners\">\n    <div class=\"fs-media-item\">\n        <img src=\"https:\/\/kswtrade.com\/wp-content\/uploads\/2024\/04\/1711725024923-512x384.webp\" srcset=\"https:\/\/kswtrade.com\/wp-content\/uploads\/2024\/04\/1711725024923-512x384.webp 512w\"  width=\"512\" height=\"384\" alt=\"1711725024923\" decoding=\"async\" loading=\"lazy\" >    <\/div>\n<\/div>\n<\/a>\n    <\/div>\n        <div class=\"col-4 fs-gallery-item\">\n        \n<a href=\"https:\/\/kswtrade.com\/wp-content\/uploads\/2024\/04\/1711725024934.webp\" data-fancybox=\"thisgallery\" >\n<div class=\"fs-media fs-media-ratio-1-1 sm-ratio- rounded-corners\">\n    <div class=\"fs-media-item\">\n        <img src=\"https:\/\/kswtrade.com\/wp-content\/uploads\/2024\/04\/1711725024934-512x683.webp\" srcset=\"https:\/\/kswtrade.com\/wp-content\/uploads\/2024\/04\/1711725024934-512x683.webp 512w\"  width=\"512\" height=\"683\" alt=\"1711725024934\" decoding=\"async\" loading=\"lazy\" >    <\/div>\n<\/div>\n<\/a>\n    <\/div>\n        <div class=\"col-4 fs-gallery-item\">\n        \n<a href=\"https:\/\/kswtrade.com\/wp-content\/uploads\/2024\/04\/IMG_20231017_174547.webp\" data-fancybox=\"thisgallery\" >\n<div class=\"fs-media fs-media-ratio-1-1 sm-ratio- rounded-corners\">\n    <div class=\"fs-media-item\">\n        <img src=\"https:\/\/kswtrade.com\/wp-content\/uploads\/2024\/04\/IMG_20231017_174547-512x683.webp\" srcset=\"https:\/\/kswtrade.com\/wp-content\/uploads\/2024\/04\/IMG_20231017_174547-512x683.webp 512w\"  width=\"512\" height=\"683\" alt=\"IMG_20231017_174547\" decoding=\"async\" loading=\"lazy\" >    <\/div>\n<\/div>\n<\/a>\n    <\/div>\n        <div class=\"col-4 fs-gallery-item\">\n        \n<a href=\"https:\/\/kswtrade.com\/wp-content\/uploads\/2024\/04\/IMG_20230915_144726-1024x768.webp\" data-fancybox=\"thisgallery\" >\n<div class=\"fs-media fs-media-ratio-1-1 sm-ratio- rounded-corners\">\n    <div class=\"fs-media-item\">\n        <img src=\"https:\/\/kswtrade.com\/wp-content\/uploads\/2024\/04\/IMG_20230915_144726-512x384.webp\" srcset=\"https:\/\/kswtrade.com\/wp-content\/uploads\/2024\/04\/IMG_20230915_144726-512x384.webp 512w\"  width=\"512\" height=\"384\" alt=\"IMG_20230915_144726\" decoding=\"async\" loading=\"lazy\" >    <\/div>\n<\/div>\n<\/a>\n    <\/div>\n        <div class=\"col-4 fs-gallery-item\">\n        \n<a href=\"https:\/\/kswtrade.com\/wp-content\/uploads\/2024\/04\/IMG-20230707-WA0001.webp\" data-fancybox=\"thisgallery\" >\n<div class=\"fs-media fs-media-ratio-1-1 sm-ratio- rounded-corners\">\n    <div class=\"fs-media-item\">\n        <img src=\"https:\/\/kswtrade.com\/wp-content\/uploads\/2024\/04\/IMG-20230707-WA0001-512x384.webp\" srcset=\"https:\/\/kswtrade.com\/wp-content\/uploads\/2024\/04\/IMG-20230707-WA0001-512x384.webp 512w\"  width=\"512\" height=\"384\" alt=\"IMG-20230707-WA0001\" decoding=\"async\" loading=\"lazy\" >    <\/div>\n<\/div>\n<\/a>\n    <\/div>\n        <div class=\"col-4 fs-gallery-item\">\n        \n<a href=\"https:\/\/kswtrade.com\/wp-content\/uploads\/2024\/04\/IMG_20231020_122023.webp\" data-fancybox=\"thisgallery\" >\n<div class=\"fs-media fs-media-ratio-1-1 sm-ratio- rounded-corners\">\n    <div class=\"fs-media-item\">\n        <img src=\"https:\/\/kswtrade.com\/wp-content\/uploads\/2024\/04\/IMG_20231020_122023-512x683.webp\" srcset=\"https:\/\/kswtrade.com\/wp-content\/uploads\/2024\/04\/IMG_20231020_122023-512x683.webp 512w\"  width=\"512\" height=\"683\" alt=\"IMG_20231020_122023\" decoding=\"async\" loading=\"lazy\" >    <\/div>\n<\/div>\n<\/a>\n    <\/div>\n        <div class=\"col-4 fs-gallery-item\">\n        \n<a href=\"https:\/\/kswtrade.com\/wp-content\/uploads\/2024\/04\/IMG_20231018_105100.webp\" data-fancybox=\"thisgallery\" >\n<div class=\"fs-media fs-media-ratio-1-1 sm-ratio- rounded-corners\">\n    <div class=\"fs-media-item\">\n        <img src=\"https:\/\/kswtrade.com\/wp-content\/uploads\/2024\/04\/IMG_20231018_105100-512x683.webp\" srcset=\"https:\/\/kswtrade.com\/wp-content\/uploads\/2024\/04\/IMG_20231018_105100-512x683.webp 512w\"  width=\"512\" height=\"683\" alt=\"IMG_20231018_105100\" decoding=\"async\" loading=\"lazy\" >    <\/div>\n<\/div>\n<\/a>\n    <\/div>\n        <div class=\"col-4 fs-gallery-item\">\n        \n<a href=\"https:\/\/kswtrade.com\/wp-content\/uploads\/2024\/04\/1711725024913.webp\" data-fancybox=\"thisgallery\" >\n<div class=\"fs-media fs-media-ratio-1-1 sm-ratio- rounded-corners\">\n    <div class=\"fs-media-item\">\n        <img src=\"https:\/\/kswtrade.com\/wp-content\/uploads\/2024\/04\/1711725024913-512x683.webp\" srcset=\"https:\/\/kswtrade.com\/wp-content\/uploads\/2024\/04\/1711725024913-512x683.webp 512w\"  width=\"512\" height=\"683\" alt=\"1711725024913\" decoding=\"async\" loading=\"lazy\" >    <\/div>\n<\/div>\n<\/a>\n    <\/div>\n        <div class=\"col-4 fs-gallery-item\">\n        \n<a href=\"https:\/\/kswtrade.com\/wp-content\/uploads\/2024\/04\/1711725024988.webp\" data-fancybox=\"thisgallery\" >\n<div class=\"fs-media fs-media-ratio-1-1 sm-ratio- rounded-corners\">\n    <div class=\"fs-media-item\">\n        <img src=\"https:\/\/kswtrade.com\/wp-content\/uploads\/2024\/04\/1711725024988-512x683.webp\" srcset=\"https:\/\/kswtrade.com\/wp-content\/uploads\/2024\/04\/1711725024988-512x683.webp 512w\"  width=\"512\" height=\"683\" alt=\"1711725024988\" decoding=\"async\" loading=\"lazy\" >    <\/div>\n<\/div>\n<\/a>\n    <\/div>\n        <div class=\"col-4 fs-gallery-item\">\n        \n<a href=\"https:\/\/kswtrade.com\/wp-content\/uploads\/2024\/04\/1711725025012.webp\" data-fancybox=\"thisgallery\" >\n<div class=\"fs-media fs-media-ratio-1-1 sm-ratio- rounded-corners\">\n    <div class=\"fs-media-item\">\n        <img src=\"https:\/\/kswtrade.com\/wp-content\/uploads\/2024\/04\/1711725025012-512x683.webp\" srcset=\"https:\/\/kswtrade.com\/wp-content\/uploads\/2024\/04\/1711725025012-512x683.webp 512w\"  width=\"512\" height=\"683\" alt=\"1711725025012\" decoding=\"async\" loading=\"lazy\" >    <\/div>\n<\/div>\n<\/a>\n    <\/div>\n        <div class=\"col-4 fs-gallery-item\">\n        \n<a href=\"https:\/\/kswtrade.com\/wp-content\/uploads\/2024\/04\/1711725024944.webp\" data-fancybox=\"thisgallery\" >\n<div class=\"fs-media fs-media-ratio-1-1 sm-ratio- rounded-corners\">\n    <div class=\"fs-media-item\">\n        <img src=\"https:\/\/kswtrade.com\/wp-content\/uploads\/2024\/04\/1711725024944-512x683.webp\" srcset=\"https:\/\/kswtrade.com\/wp-content\/uploads\/2024\/04\/1711725024944-512x683.webp 512w\"  width=\"512\" height=\"683\" alt=\"1711725024944\" decoding=\"async\" loading=\"lazy\" >    <\/div>\n<\/div>\n<\/a>\n    <\/div>\n        <div class=\"col-4 fs-gallery-item\">\n        \n<a href=\"https:\/\/kswtrade.com\/wp-content\/uploads\/2024\/04\/image010.webp\" data-fancybox=\"thisgallery\" >\n<div class=\"fs-media fs-media-ratio-1-1 sm-ratio- rounded-corners\">\n    <div class=\"fs-media-item\">\n        <img src=\"https:\/\/kswtrade.com\/wp-content\/uploads\/2024\/04\/image010-512x683.webp\" srcset=\"https:\/\/kswtrade.com\/wp-content\/uploads\/2024\/04\/image010-512x683.webp 512w\"  width=\"512\" height=\"683\" alt=\"image010\" decoding=\"async\" loading=\"lazy\" >    <\/div>\n<\/div>\n<\/a>\n    <\/div>\n        <div class=\"col-4 fs-gallery-item\">\n        \n<a href=\"https:\/\/kswtrade.com\/wp-content\/uploads\/2024\/04\/image009-1024x768.webp\" data-fancybox=\"thisgallery\" >\n<div class=\"fs-media fs-media-ratio-1-1 sm-ratio- rounded-corners\">\n    <div class=\"fs-media-item\">\n        <img src=\"https:\/\/kswtrade.com\/wp-content\/uploads\/2024\/04\/image009-512x384.webp\" srcset=\"https:\/\/kswtrade.com\/wp-content\/uploads\/2024\/04\/image009-512x384.webp 512w\"  width=\"512\" height=\"384\" alt=\"image009\" decoding=\"async\" loading=\"lazy\" >    <\/div>\n<\/div>\n<\/a>\n    <\/div>\n        <div class=\"col-4 fs-gallery-item\">\n        \n<a href=\"https:\/\/kswtrade.com\/wp-content\/uploads\/2024\/04\/image011-1024x768.webp\" data-fancybox=\"thisgallery\" >\n<div class=\"fs-media fs-media-ratio-1-1 sm-ratio- rounded-corners\">\n    <div class=\"fs-media-item\">\n        <img src=\"https:\/\/kswtrade.com\/wp-content\/uploads\/2024\/04\/image011-512x384.webp\" srcset=\"https:\/\/kswtrade.com\/wp-content\/uploads\/2024\/04\/image011-512x384.webp 512w\"  width=\"512\" height=\"384\" alt=\"image011\" decoding=\"async\" loading=\"lazy\" >    <\/div>\n<\/div>\n<\/a>\n    <\/div>\n    \n<\/div>\n            \n        <\/div>\n    <\/div>\n\n<\/section>\n\n\n\n\n<section class=\"cta-section section text-dark\">\n    <div class=\"section-inner\">\n        <div class=\"wrapper-full\">\n\n            <div class=\"grid-row vertical-bottom-align\">\n                <div class=\"col-7\"> \n                                        <h1 class=\"h2 pagetitle\"><span class=\"word-lettering\">Pr\u00eat \u00e0 optimiser<br \/>\r\nvotre \u00e9nergie ?<\/span><\/h1>\n                    <div class=\"fs-spacer-large\"><\/div>    \n                    <div class=\"fs-spacer-large\"><\/div>    \n                    <div class=\"fs-spacer-large\"><\/div>    \n                                        <div class=\"editor-content max-480\"><p class=\"h6\">Concevons ensemble votre solution photovolta\u00efque personnalis\u00e9e. Nous nous r\u00e9jouissons de r\u00e9pondre \u00e0 vos questions et de vous montrer la voie vers une production d'\u00e9nergie efficace.<\/p>\n<\/div>                <\/div>\n                                <div class=\"col-5\">\n                    \n<p class=\"align-right sm-align-left\">\n\n<a class=\"btn  btn-size-big\" href=\"https:\/\/kswtrade.com\/fr\/kontakt\/\" target=\"\">\n        <span class=\"btn-text\">Contactez nous<\/span>\n        <span class=\"btn-icon fs-icon fs-icon-background\"><?xml version=\"1.0\" encoding=\"utf-8\"?>\n<!-- Generator: Adobe Illustrator 28.0.0, SVG Export Plug-In . SVG Version: 6.00 Build 0)  -->\n<svg version=\"1.1\" id=\"Ebene_1\" xmlns=\"http:\/\/www.w3.org\/2000\/svg\" xmlns:xlink=\"http:\/\/www.w3.org\/1999\/xlink\" x=\"0px\" y=\"0px\"\n\t viewbox=\"0 0 180.8 180.6\" style=\"enable-background:new 0 0 180.8 180.6;\" xml:space=\"preserve\" fill=\"currentColor\">\n<path d=\"M142.8,98.6c-1.8,0-3,0-4.2,0c-43.1,0-86.2,0-129.3,0.1c-1.9,0-2.5-0.6-2.4-2.4c0.2-4.1,0.2-8.1,0-12.2\tc-0.1-1.8,0.6-2.3,2.3-2.3c18.2,0.1,36.3,0,54.5,0c25.6,0,51.3,0,76.8,0c0.6,0,1.2,0.2,1.9-0.5c-3-3.1-5.9-6.4-8.9-9.5\tc-10.4-11.1-20.9-22.2-31.4-33.2c-1.4-1.5-1.5-2.2,0.2-3.5c3.3-2.8,6.5-5.7,9.6-8.7c1.2-1.1,1.8-1.3,3,0.1\tc15.1,16.4,30.3,32.8,45.4,49.1c4.2,4.4,8.2,9,12.4,13.4c0.9,1,1,1.6,0.1,2.6c-10.9,11.7-21.8,23.5-32.6,35.2\tc-8.2,9-16.5,17.8-24.8,26.8c-1.4,1.6-2.3,2.1-4.1,0.3c-3-3.1-6.4-6-9.7-8.9c-1.1-0.9-1-1.5,0-2.5c13.1-13.9,26.2-27.9,39.3-41.8\tC141.7,100,142.1,99.5,142.8,98.6z\"\/>\n<\/svg>\n<\/span>\n    <\/a>\n\n<\/p\">\n                <\/div>\n                            <\/div>\n\n        <\/div>\n    <\/div>\n\n    \n<div class=\"fs-bg\">\n\n    <div class=\"fs-bg-el fs-bg-primary is-rounded\">\n            <\/div>\n\n    \n<\/div>\n\n\n<\/section>","protected":false},"excerpt":{"rendered":"","protected":false},"author":1,"featured_media":0,"parent":0,"menu_order":0,"comment_status":"closed","ping_status":"closed","template":"","meta":{"footnotes":""},"class_list":["post-139","page","type-page","status-publish","hentry"],"acf":[],"_links":{"self":[{"href":"https:\/\/kswtrade.com\/fr\/wp-json\/wp\/v2\/pages\/139","targetHints":{"allow":["GET"]}}],"collection":[{"href":"https:\/\/kswtrade.com\/fr\/wp-json\/wp\/v2\/pages"}],"about":[{"href":"https:\/\/kswtrade.com\/fr\/wp-json\/wp\/v2\/types\/page"}],"author":[{"embeddable":true,"href":"https:\/\/kswtrade.com\/fr\/wp-json\/wp\/v2\/users\/1"}],"replies":[{"embeddable":true,"href":"https:\/\/kswtrade.com\/fr\/wp-json\/wp\/v2\/comments?post=139"}],"version-history":[{"count":14,"href":"https:\/\/kswtrade.com\/fr\/wp-json\/wp\/v2\/pages\/139\/revisions"}],"predecessor-version":[{"id":377,"href":"https:\/\/kswtrade.com\/fr\/wp-json\/wp\/v2\/pages\/139\/revisions\/377"}],"wp:attachment":[{"href":"https:\/\/kswtrade.com\/fr\/wp-json\/wp\/v2\/media?parent=139"}],"curies":[{"name":"wp","href":"https:\/\/api.w.org\/{rel}","templated":true}]}}