{"id":145,"date":"2024-02-20T09:36:27","date_gmt":"2024-02-20T08:36:27","guid":{"rendered":"https:\/\/kswtrade.com\/?page_id=145"},"modified":"2024-04-10T11:08:30","modified_gmt":"2024-04-10T09:08:30","slug":"kontakt","status":"publish","type":"page","link":"https:\/\/kswtrade.com\/fr\/kontakt\/","title":{"rendered":"Contact"},"content":{"rendered":"<section class=\"hero-section section\">\n\n    <div class=\"section-inner page-title\">\n        <div class=\"wrapper-full\">\n\n            <div class=\"grid-row vertical-bottom-align\">\n                <div class=\"col-8\"> \n                    <h1 class=\"h1 pagetitle\"><span class=\"word-lettering\">Contactez <br \/>\r\nnous<\/span><\/h1>                <\/div>\n                            <\/div>\n           \n\n        <\/div>\n    <\/div>\n\n\n    \n<div class=\"fs-bg\">\n\n    <div class=\"fs-bg-el has-overlay is-rounded\">\n        <img src=\"https:\/\/kswtrade.com\/wp-content\/uploads\/2024\/02\/placeholder-1-1920x1281.webp\" srcset=\"https:\/\/kswtrade.com\/wp-content\/uploads\/2024\/02\/placeholder-1-1920x1281.webp 1680w, https:\/\/kswtrade.com\/wp-content\/uploads\/2024\/02\/placeholder-1-1440x961.webp 1440w, https:\/\/kswtrade.com\/wp-content\/uploads\/2024\/02\/placeholder-1-1024x683.webp 1024w, https:\/\/kswtrade.com\/wp-content\/uploads\/2024\/02\/placeholder-1-768x513.webp 768w, https:\/\/kswtrade.com\/wp-content\/uploads\/2024\/02\/placeholder-1-512x342.webp 512w\"  width=\"1920\" height=\"1281\" alt=\"placeholder-1\" decoding=\"async\" loading=\"lazy\" >    <\/div>\n\n    \n<\/div>\n\n\n<\/section>\n\n\n\n\n\n\n<section class=\"text-section section\">\n    <div class=\"section-inner\">\n        <div class=\"wrapper\">\n\n            <div class=\"grid-row spaced-xlarge vertical-bottom-align\">\n\n                                <div class=\"col-7 pos-1 editor-content\"> \n                <p class=\"h4\">Concevons ensemble votre solution photovolta\u00efque personnalis\u00e9e. Nous nous r\u00e9jouissons de r\u00e9pondre \u00e0 vos questions et de vous montrer la voie vers une production d'\u00e9nergie efficace.<\/p>\n   \n                <\/div>\n\n                                <div class=\"col-5 pos-2 editor-content\"> \n                <h3>KSW Trade<\/h3>\n<p>Atzerath 13<br \/>\n4783 Sankt-Vith<br \/>\nBelgique<br \/>\n<small>BTW: BE 0787.350.780<\/small><\/p>\n<p><a href=\"tel:0032 472 96 52 62\">0032 472 96 52 62<\/a> <small>Krings Eric<br \/>\n<\/small><a href=\"tel:0032 472 20 58 45\">0032 472 20 58 45<\/a> <small>Winkelmann Andy<\/small><\/p>\n<p><a href=\"mailto:info@kswtrade.com\">info@kswtrade.com<\/a><\/p>\n<p><strong>Adresse de stockage et de livraison<br \/>\n<\/strong>Atzerath 18<br \/>\n4783 Sankt-Vith<br \/>\nBelgique<\/p>\n                <\/div>\n            <\/div>\n\n        <\/div>\n    <\/div>\n\n<\/section>","protected":false},"excerpt":{"rendered":"","protected":false},"author":1,"featured_media":0,"parent":0,"menu_order":0,"comment_status":"closed","ping_status":"closed","template":"","meta":{"footnotes":""},"class_list":["post-145","page","type-page","status-publish","hentry"],"acf":[],"_links":{"self":[{"href":"https:\/\/kswtrade.com\/fr\/wp-json\/wp\/v2\/pages\/145","targetHints":{"allow":["GET"]}}],"collection":[{"href":"https:\/\/kswtrade.com\/fr\/wp-json\/wp\/v2\/pages"}],"about":[{"href":"https:\/\/kswtrade.com\/fr\/wp-json\/wp\/v2\/types\/page"}],"author":[{"embeddable":true,"href":"https:\/\/kswtrade.com\/fr\/wp-json\/wp\/v2\/users\/1"}],"replies":[{"embeddable":true,"href":"https:\/\/kswtrade.com\/fr\/wp-json\/wp\/v2\/comments?post=145"}],"version-history":[{"count":17,"href":"https:\/\/kswtrade.com\/fr\/wp-json\/wp\/v2\/pages\/145\/revisions"}],"predecessor-version":[{"id":298,"href":"https:\/\/kswtrade.com\/fr\/wp-json\/wp\/v2\/pages\/145\/revisions\/298"}],"wp:attachment":[{"href":"https:\/\/kswtrade.com\/fr\/wp-json\/wp\/v2\/media?parent=145"}],"curies":[{"name":"wp","href":"https:\/\/api.w.org\/{rel}","templated":true}]}}