{"id":2,"date":"2024-02-18T23:12:45","date_gmt":"2024-02-18T22:12:45","guid":{"rendered":"https:\/\/kswtrade.com\/?page_id=2"},"modified":"2025-07-04T15:09:29","modified_gmt":"2025-07-04T13:09:29","slug":"beispiel-seite","status":"publish","type":"page","link":"https:\/\/kswtrade.com\/fr\/","title":{"rendered":"Home"},"content":{"rendered":"<section class=\"hero-section section\">\n\n    <div class=\"section-inner page-title\">\n        <div class=\"wrapper-full\">\n\n            <div class=\"grid-row vertical-bottom-align\">\n                <div class=\"col-8\"> \n                    <h1 class=\"h1 pagetitle\"><span class=\"word-lettering\">Votre partenaire pour \u2028<br \/>\r\ndes solutions pour <br \/>\r\nles \u00e9nergies renouvelables<\/span><\/h1>                <\/div>\n                                <div class=\"col-4\">\n                \n<p class=\"align-right sm-align-left\">\n\n<a class=\"btn  btn-size-big\" href=\"https:\/\/kswtrade.com\/fr\/erneuerbare-energien\/\" target=\"\">\n        <span class=\"btn-text\">\u00c9nergie renouvelable<\/span>\n        <span class=\"btn-icon fs-icon fs-icon-background\"><?xml version=\"1.0\" encoding=\"utf-8\"?>\n<!-- Generator: Adobe Illustrator 28.0.0, SVG Export Plug-In . SVG Version: 6.00 Build 0)  -->\n<svg version=\"1.1\" id=\"Ebene_1\" xmlns=\"http:\/\/www.w3.org\/2000\/svg\" xmlns:xlink=\"http:\/\/www.w3.org\/1999\/xlink\" x=\"0px\" y=\"0px\"\n\t viewbox=\"0 0 180.8 180.6\" style=\"enable-background:new 0 0 180.8 180.6;\" xml:space=\"preserve\" fill=\"currentColor\">\n<path d=\"M142.8,98.6c-1.8,0-3,0-4.2,0c-43.1,0-86.2,0-129.3,0.1c-1.9,0-2.5-0.6-2.4-2.4c0.2-4.1,0.2-8.1,0-12.2\tc-0.1-1.8,0.6-2.3,2.3-2.3c18.2,0.1,36.3,0,54.5,0c25.6,0,51.3,0,76.8,0c0.6,0,1.2,0.2,1.9-0.5c-3-3.1-5.9-6.4-8.9-9.5\tc-10.4-11.1-20.9-22.2-31.4-33.2c-1.4-1.5-1.5-2.2,0.2-3.5c3.3-2.8,6.5-5.7,9.6-8.7c1.2-1.1,1.8-1.3,3,0.1\tc15.1,16.4,30.3,32.8,45.4,49.1c4.2,4.4,8.2,9,12.4,13.4c0.9,1,1,1.6,0.1,2.6c-10.9,11.7-21.8,23.5-32.6,35.2\tc-8.2,9-16.5,17.8-24.8,26.8c-1.4,1.6-2.3,2.1-4.1,0.3c-3-3.1-6.4-6-9.7-8.9c-1.1-0.9-1-1.5,0-2.5c13.1-13.9,26.2-27.9,39.3-41.8\tC141.7,100,142.1,99.5,142.8,98.6z\"\/>\n<\/svg>\n<\/span>\n    <\/a>\n\n<\/p\">\n                    \n<p class=\"align-right sm-align-left\">\n\n<a class=\"btn  btn-size-big\" href=\"https:\/\/kswtrade.com\/fr\/reinigung\/\" target=\"\">\n        <span class=\"btn-text\">Nettoyage des installations PV<\/span>\n        <span class=\"btn-icon fs-icon fs-icon-background\"><?xml version=\"1.0\" encoding=\"utf-8\"?>\n<!-- Generator: Adobe Illustrator 28.0.0, SVG Export Plug-In . SVG Version: 6.00 Build 0)  -->\n<svg version=\"1.1\" id=\"Ebene_1\" xmlns=\"http:\/\/www.w3.org\/2000\/svg\" xmlns:xlink=\"http:\/\/www.w3.org\/1999\/xlink\" x=\"0px\" y=\"0px\"\n\t viewbox=\"0 0 180.8 180.6\" style=\"enable-background:new 0 0 180.8 180.6;\" xml:space=\"preserve\" fill=\"currentColor\">\n<path d=\"M142.8,98.6c-1.8,0-3,0-4.2,0c-43.1,0-86.2,0-129.3,0.1c-1.9,0-2.5-0.6-2.4-2.4c0.2-4.1,0.2-8.1,0-12.2\tc-0.1-1.8,0.6-2.3,2.3-2.3c18.2,0.1,36.3,0,54.5,0c25.6,0,51.3,0,76.8,0c0.6,0,1.2,0.2,1.9-0.5c-3-3.1-5.9-6.4-8.9-9.5\tc-10.4-11.1-20.9-22.2-31.4-33.2c-1.4-1.5-1.5-2.2,0.2-3.5c3.3-2.8,6.5-5.7,9.6-8.7c1.2-1.1,1.8-1.3,3,0.1\tc15.1,16.4,30.3,32.8,45.4,49.1c4.2,4.4,8.2,9,12.4,13.4c0.9,1,1,1.6,0.1,2.6c-10.9,11.7-21.8,23.5-32.6,35.2\tc-8.2,9-16.5,17.8-24.8,26.8c-1.4,1.6-2.3,2.1-4.1,0.3c-3-3.1-6.4-6-9.7-8.9c-1.1-0.9-1-1.5,0-2.5c13.1-13.9,26.2-27.9,39.3-41.8\tC141.7,100,142.1,99.5,142.8,98.6z\"\/>\n<\/svg>\n<\/span>\n    <\/a>\n\n<\/p\">\n                <\/div>\n                            <\/div>\n           \n\n        <\/div>\n    <\/div>\n\n\n    \n<div class=\"fs-bg\">\n\n    <div class=\"fs-bg-el has-overlay is-rounded\">\n        <img src=\"https:\/\/kswtrade.com\/wp-content\/uploads\/2024\/02\/M1_3_V2_1920px.webp\" srcset=\"https:\/\/kswtrade.com\/wp-content\/uploads\/2024\/02\/M1_3_V2_1920px.webp 1680w, https:\/\/kswtrade.com\/wp-content\/uploads\/2024\/02\/M1_3_V2_1920px-1440x810.webp 1440w, https:\/\/kswtrade.com\/wp-content\/uploads\/2024\/02\/M1_3_V2_1920px-1024x576.webp 1024w, https:\/\/kswtrade.com\/wp-content\/uploads\/2024\/02\/M1_3_V2_1920px-768x432.webp 768w, https:\/\/kswtrade.com\/wp-content\/uploads\/2024\/02\/M1_3_V2_1920px-512x288.webp 512w\"  width=\"1920\" height=\"1080\" alt=\"M1_3_V2_1920px\" decoding=\"async\" loading=\"lazy\" >    <\/div>\n\n    \n<\/div>\n\n\n<\/section>\n\n\n\n\n\n\n<section class=\"text-section section\">\n    <div class=\"section-inner\">\n        <div class=\"wrapper\">\n\n            <div class=\"grid-row spaced-xlarge vertical-top-align\">\n\n                                <div class=\"col-4 pos-1 sm-hide editor-content\"> \n                \n<div class=\"fs-media fs-media-ratio-1-1 sm-ratio- rounded-corners\">\n    <div class=\"fs-media-item\">\n        <img src=\"https:\/\/kswtrade.com\/wp-content\/uploads\/2024\/04\/team-1024x1024.webp\" srcset=\"https:\/\/kswtrade.com\/wp-content\/uploads\/2024\/04\/team-1024x1024.webp 1024w, https:\/\/kswtrade.com\/wp-content\/uploads\/2024\/04\/team-768x768.webp 768w, https:\/\/kswtrade.com\/wp-content\/uploads\/2024\/04\/team-512x512.webp 512w\"  width=\"1024\" height=\"1024\" alt=\"team\" decoding=\"async\" loading=\"lazy\" >    <\/div>\n<\/div>\n   \n                <\/div>\n\n                                <div class=\"col-8 pos-2 editor-content\"> \n                <p class=\"h4\">Du conseil \u00e0 la planification, de la commande \u00e0 la livraison, de l'ex\u00e9cution \u00e0 la fin du montage. Nous accompagnons votre projet de A \u00e0 Z.<\/p>\n<p class=\"h4\">Nous sommes \u00e0 vos c\u00f4t\u00e9s dans l'organisation du segment dynamique et complexe de l'\u00e9nergie. Nous vous proposons une solution adapt\u00e9e, personnalis\u00e9e et adapt\u00e9e \u00e0 vos besoins.<\/p>\n                                <div class=\"text-block\">\n                                    <div class=\"text-block-inner\">\n                                        <h3>Certificat<\/h3>\n<p>Nous sommes tr\u00e8s heureux d'avoir tous deux obtenu avec succ\u00e8s le certificat de comp\u00e9tences. Elle confirme notre qualification professionnelle et souligne notre volont\u00e9 de continuer \u00e0 effectuer notre travail avec professionnalisme, soin et confiance.<\/p>\n<div class=\"text-block-image-container\">                                        <div class=\"text-block-image\">\n                                            \n<a href=\"https:\/\/kswtrade.com\/wp-content\/uploads\/2025\/07\/certificat-andy-fr-1024x725.webp\" data-fancybox=\"thisgallery\" >\n<div class=\"fs-media fs-media-ratio-auto sm-ratio- rounded-corners\">\n    <div class=\"fs-media-item\">\n        <img src=\"https:\/\/kswtrade.com\/wp-content\/uploads\/2025\/07\/certificat-andy-fr-768x543.webp\" srcset=\"https:\/\/kswtrade.com\/wp-content\/uploads\/2025\/07\/certificat-andy-fr-768x543.webp 768w, https:\/\/kswtrade.com\/wp-content\/uploads\/2025\/07\/certificat-andy-fr-512x362.webp 512w\"  width=\"768\" height=\"543\" alt=\"certificat-andy-fr\" decoding=\"async\" loading=\"lazy\" >    <\/div>\n<\/div>\n<\/a>\n                                        <\/div>\n                                                                                <div class=\"text-block-image\">\n                                            \n<a href=\"https:\/\/kswtrade.com\/wp-content\/uploads\/2025\/07\/certificat-eric-fr-1024x725.webp\" data-fancybox=\"thisgallery\" >\n<div class=\"fs-media fs-media-ratio-auto sm-ratio- rounded-corners\">\n    <div class=\"fs-media-item\">\n        <img src=\"https:\/\/kswtrade.com\/wp-content\/uploads\/2025\/07\/certificat-eric-fr-768x543.webp\" srcset=\"https:\/\/kswtrade.com\/wp-content\/uploads\/2025\/07\/certificat-eric-fr-768x543.webp 768w, https:\/\/kswtrade.com\/wp-content\/uploads\/2025\/07\/certificat-eric-fr-512x362.webp 512w\"  width=\"768\" height=\"543\" alt=\"certificat-eric-fr\" decoding=\"async\" loading=\"lazy\" >    <\/div>\n<\/div>\n<\/a>\n                                        <\/div>\n                                        <\/div>                                        \n                                    <\/div>\n                                    <div class=\"fs-bg\"><div class=\"fs-bg-el fs-bg-dark is-rounded\"><\/div><\/div>\n                                <\/div>\n                                            <\/div>\n            <\/div>\n\n        <\/div>\n    <\/div>\n\n<\/section>\n\n\n\n\n<section class=\"services-section section text-dark\">\n    <div class=\"section-inner\">\n        <div class=\"wrapper-full\">\n\n            <div class=\"grid-row spaced-xlarge\">\n                <div class=\"col-6 space-between service-item item-left boxed\"> \n                    \n    <div class=\"service-top\">\n        <h2 class=\"service-title\">\u00c9nergie <br \/>\r\nrenouvelable<\/h2>\n    <\/div>\n    <div class=\"service-bottom grid-row spaced-medium vertical-bottom-align\">\n        <div class=\"col-6 service-text h6\">\n            Nous installons des solutions photovolta\u00efques sur mesure pour un avenir \u00e9nerg\u00e9tique efficace et vert.        <\/div>\n        <div class=\"col-6 service-button\">\n            \n<p class=\"align-right sm-align-left\">\n\n<a class=\"btn  btn-size-\" href=\"https:\/\/kswtrade.com\/fr\/erneurbare-energien\/\" target=\"\">\n        <span class=\"btn-text\">Plus d'infos<\/span>\n        <span class=\"btn-icon fs-icon fs-icon-background\"><?xml version=\"1.0\" encoding=\"utf-8\"?>\n<!-- Generator: Adobe Illustrator 28.0.0, SVG Export Plug-In . SVG Version: 6.00 Build 0)  -->\n<svg version=\"1.1\" id=\"Ebene_1\" xmlns=\"http:\/\/www.w3.org\/2000\/svg\" xmlns:xlink=\"http:\/\/www.w3.org\/1999\/xlink\" x=\"0px\" y=\"0px\"\n\t viewbox=\"0 0 180.8 180.6\" style=\"enable-background:new 0 0 180.8 180.6;\" xml:space=\"preserve\" fill=\"currentColor\">\n<path d=\"M142.8,98.6c-1.8,0-3,0-4.2,0c-43.1,0-86.2,0-129.3,0.1c-1.9,0-2.5-0.6-2.4-2.4c0.2-4.1,0.2-8.1,0-12.2\tc-0.1-1.8,0.6-2.3,2.3-2.3c18.2,0.1,36.3,0,54.5,0c25.6,0,51.3,0,76.8,0c0.6,0,1.2,0.2,1.9-0.5c-3-3.1-5.9-6.4-8.9-9.5\tc-10.4-11.1-20.9-22.2-31.4-33.2c-1.4-1.5-1.5-2.2,0.2-3.5c3.3-2.8,6.5-5.7,9.6-8.7c1.2-1.1,1.8-1.3,3,0.1\tc15.1,16.4,30.3,32.8,45.4,49.1c4.2,4.4,8.2,9,12.4,13.4c0.9,1,1,1.6,0.1,2.6c-10.9,11.7-21.8,23.5-32.6,35.2\tc-8.2,9-16.5,17.8-24.8,26.8c-1.4,1.6-2.3,2.1-4.1,0.3c-3-3.1-6.4-6-9.7-8.9c-1.1-0.9-1-1.5,0-2.5c13.1-13.9,26.2-27.9,39.3-41.8\tC141.7,100,142.1,99.5,142.8,98.6z\"\/>\n<\/svg>\n<\/span>\n    <\/a>\n\n<\/p\">\n        <\/div>\n    <\/div>\n\n                    \n<div class=\"fs-bg\">\n\n    <div class=\"fs-bg-el has-overlay is-rounded\">\n        <img src=\"https:\/\/kswtrade.com\/wp-content\/uploads\/2024\/02\/markus-spiske-rNn_TU8dvoY.webp\" srcset=\"https:\/\/kswtrade.com\/wp-content\/uploads\/2024\/02\/markus-spiske-rNn_TU8dvoY.webp 1680w, https:\/\/kswtrade.com\/wp-content\/uploads\/2024\/02\/markus-spiske-rNn_TU8dvoY-1440x810.webp 1440w, https:\/\/kswtrade.com\/wp-content\/uploads\/2024\/02\/markus-spiske-rNn_TU8dvoY-1024x576.webp 1024w, https:\/\/kswtrade.com\/wp-content\/uploads\/2024\/02\/markus-spiske-rNn_TU8dvoY-768x432.webp 768w, https:\/\/kswtrade.com\/wp-content\/uploads\/2024\/02\/markus-spiske-rNn_TU8dvoY-512x288.webp 512w\"  width=\"1920\" height=\"1080\" alt=\"markus-spiske-rNn_TU8dvoY\" decoding=\"async\" loading=\"lazy\" >    <\/div>\n\n    \n<\/div>\n\n                <\/div>\n                <div class=\"col-6 space-between service-item item-right boxed\">\n                    \n    <div class=\"service-top\">\n        <h2 class=\"service-title\">Nettoyage de<br \/>\r\nPV-Anlage<\/h2>\n    <\/div>\n    <div class=\"service-bottom grid-row spaced-medium vertical-bottom-align\">\n        <div class=\"col-6 service-text h6\">\n            Nous optimisons les performances de vos installations solaires en \u00e9liminant la salet\u00e9 et les d\u00e9p\u00f4ts.        <\/div>\n        <div class=\"col-6 service-button\">\n            \n<p class=\"align-right sm-align-left\">\n\n<a class=\"btn  btn-size-\" href=\"https:\/\/kswtrade.com\/fr\/reinigung\/\" target=\"\">\n        <span class=\"btn-text\">Plus d'infos<\/span>\n        <span class=\"btn-icon fs-icon fs-icon-background\"><?xml version=\"1.0\" encoding=\"utf-8\"?>\n<!-- Generator: Adobe Illustrator 28.0.0, SVG Export Plug-In . SVG Version: 6.00 Build 0)  -->\n<svg version=\"1.1\" id=\"Ebene_1\" xmlns=\"http:\/\/www.w3.org\/2000\/svg\" xmlns:xlink=\"http:\/\/www.w3.org\/1999\/xlink\" x=\"0px\" y=\"0px\"\n\t viewbox=\"0 0 180.8 180.6\" style=\"enable-background:new 0 0 180.8 180.6;\" xml:space=\"preserve\" fill=\"currentColor\">\n<path d=\"M142.8,98.6c-1.8,0-3,0-4.2,0c-43.1,0-86.2,0-129.3,0.1c-1.9,0-2.5-0.6-2.4-2.4c0.2-4.1,0.2-8.1,0-12.2\tc-0.1-1.8,0.6-2.3,2.3-2.3c18.2,0.1,36.3,0,54.5,0c25.6,0,51.3,0,76.8,0c0.6,0,1.2,0.2,1.9-0.5c-3-3.1-5.9-6.4-8.9-9.5\tc-10.4-11.1-20.9-22.2-31.4-33.2c-1.4-1.5-1.5-2.2,0.2-3.5c3.3-2.8,6.5-5.7,9.6-8.7c1.2-1.1,1.8-1.3,3,0.1\tc15.1,16.4,30.3,32.8,45.4,49.1c4.2,4.4,8.2,9,12.4,13.4c0.9,1,1,1.6,0.1,2.6c-10.9,11.7-21.8,23.5-32.6,35.2\tc-8.2,9-16.5,17.8-24.8,26.8c-1.4,1.6-2.3,2.1-4.1,0.3c-3-3.1-6.4-6-9.7-8.9c-1.1-0.9-1-1.5,0-2.5c13.1-13.9,26.2-27.9,39.3-41.8\tC141.7,100,142.1,99.5,142.8,98.6z\"\/>\n<\/svg>\n<\/span>\n    <\/a>\n\n<\/p\">\n        <\/div>\n    <\/div>\n\n                    \n<div class=\"fs-bg\">\n\n    <div class=\"fs-bg-el has-overlay is-rounded\">\n        <img src=\"https:\/\/kswtrade.com\/wp-content\/uploads\/2024\/02\/M1_3_V2_1920px.webp\" srcset=\"https:\/\/kswtrade.com\/wp-content\/uploads\/2024\/02\/M1_3_V2_1920px.webp 1680w, https:\/\/kswtrade.com\/wp-content\/uploads\/2024\/02\/M1_3_V2_1920px-1440x810.webp 1440w, https:\/\/kswtrade.com\/wp-content\/uploads\/2024\/02\/M1_3_V2_1920px-1024x576.webp 1024w, https:\/\/kswtrade.com\/wp-content\/uploads\/2024\/02\/M1_3_V2_1920px-768x432.webp 768w, https:\/\/kswtrade.com\/wp-content\/uploads\/2024\/02\/M1_3_V2_1920px-512x288.webp 512w\"  width=\"1920\" height=\"1080\" alt=\"M1_3_V2_1920px\" decoding=\"async\" loading=\"lazy\" >    <\/div>\n\n    \n<\/div>\n\n                <\/div>\n            <\/div>\n\n        <\/div>\n    <\/div>\n\n    \n<div class=\"fs-bg\">\n\n    <div class=\"fs-bg-el fs-bg-light is-rounded\">\n            <\/div>\n\n    \n<\/div>\n\n<div class=\"fs-bg fs-bg-services\">\n    <div class=\"fs-bg-el has-overlay is-rounded\">\n        <div class=\"left\">\n            <img src=\"https:\/\/kswtrade.com\/wp-content\/uploads\/2024\/02\/markus-spiske-rNn_TU8dvoY-1024x576.webp\" srcset=\"https:\/\/kswtrade.com\/wp-content\/uploads\/2024\/02\/markus-spiske-rNn_TU8dvoY-1024x576.webp 1024w, https:\/\/kswtrade.com\/wp-content\/uploads\/2024\/02\/markus-spiske-rNn_TU8dvoY-768x432.webp 768w, https:\/\/kswtrade.com\/wp-content\/uploads\/2024\/02\/markus-spiske-rNn_TU8dvoY-512x288.webp 512w\"  width=\"1024\" height=\"576\" alt=\"markus-spiske-rNn_TU8dvoY\" decoding=\"async\" loading=\"lazy\" >        <\/div>\n        <div class=\"right\">\n        <img src=\"https:\/\/kswtrade.com\/wp-content\/uploads\/2024\/02\/M1_3_V2_1920px-1024x576.webp\" srcset=\"https:\/\/kswtrade.com\/wp-content\/uploads\/2024\/02\/M1_3_V2_1920px-1024x576.webp 1024w, https:\/\/kswtrade.com\/wp-content\/uploads\/2024\/02\/M1_3_V2_1920px-768x432.webp 768w, https:\/\/kswtrade.com\/wp-content\/uploads\/2024\/02\/M1_3_V2_1920px-512x288.webp 512w\"  width=\"1024\" height=\"576\" alt=\"M1_3_V2_1920px\" decoding=\"async\" loading=\"lazy\" >        <\/div>\n    <\/div>\n<\/div>\n\n<\/section>\n\n\n<section class=\"infobox-section section\">\n    <div class=\"section-inner\">\n        <div class=\"wrapper\">\n\n            <div class=\"grid-row spaced-medium vertical-bottom-align\">\n                <div class=\"col-8\"> \n                                        <h1 class=\"h3 pagetitle\"><span class=\"word-lettering\">Technologie solaire - La solution pour un avenir plus juste et plus propre<\/span><\/h1>   \n                                        \n                <\/div>\n                                <div class=\"col-4\">\n                                        \n<p class=\"align-right sm-align-left\">\n\n<a class=\"btn  btn-size-\" href=\"#\" target=\"\">\n        <span class=\"btn-text\">Prendre contact<\/span>\n        <span class=\"btn-icon fs-icon fs-icon-background\"><?xml version=\"1.0\" encoding=\"utf-8\"?>\n<!-- Generator: Adobe Illustrator 28.0.0, SVG Export Plug-In . SVG Version: 6.00 Build 0)  -->\n<svg version=\"1.1\" id=\"Ebene_1\" xmlns=\"http:\/\/www.w3.org\/2000\/svg\" xmlns:xlink=\"http:\/\/www.w3.org\/1999\/xlink\" x=\"0px\" y=\"0px\"\n\t viewbox=\"0 0 180.8 180.6\" style=\"enable-background:new 0 0 180.8 180.6;\" xml:space=\"preserve\" fill=\"currentColor\">\n<path d=\"M142.8,98.6c-1.8,0-3,0-4.2,0c-43.1,0-86.2,0-129.3,0.1c-1.9,0-2.5-0.6-2.4-2.4c0.2-4.1,0.2-8.1,0-12.2\tc-0.1-1.8,0.6-2.3,2.3-2.3c18.2,0.1,36.3,0,54.5,0c25.6,0,51.3,0,76.8,0c0.6,0,1.2,0.2,1.9-0.5c-3-3.1-5.9-6.4-8.9-9.5\tc-10.4-11.1-20.9-22.2-31.4-33.2c-1.4-1.5-1.5-2.2,0.2-3.5c3.3-2.8,6.5-5.7,9.6-8.7c1.2-1.1,1.8-1.3,3,0.1\tc15.1,16.4,30.3,32.8,45.4,49.1c4.2,4.4,8.2,9,12.4,13.4c0.9,1,1,1.6,0.1,2.6c-10.9,11.7-21.8,23.5-32.6,35.2\tc-8.2,9-16.5,17.8-24.8,26.8c-1.4,1.6-2.3,2.1-4.1,0.3c-3-3.1-6.4-6-9.7-8.9c-1.1-0.9-1-1.5,0-2.5c13.1-13.9,26.2-27.9,39.3-41.8\tC141.7,100,142.1,99.5,142.8,98.6z\"\/>\n<\/svg>\n<\/span>\n    <\/a>\n\n<\/p\">\n                <\/div>\n                            <\/div>\n\n            <div class=\"fs-spacer-large\"><\/div>\n            <div class=\"grid-row spaced-medium\">\n                            <div class=\"col-4 box-item space-between boxed text-dark\">\n                    <div class=\"box-item-top\">\n                        <div class=\"box-title h5\">\u00c9conomies d'\u00e9lectricit\u00e9<\/div>\n                    <\/div>\n                    <div class=\"box-item-bottom\">\n                        <p class=\"box-text\">Selon la taille de l'installation et les prix locaux de l'\u00e9nergie, jusqu'\u00e0<\/p>\n                        <p class=\"box-number\"><span class=\"box-number-label h1\"><strong>46<\/strong><\/span><span class=\"box-number-val h4\">%<\/span><\/p>\n                    <\/div>\n\n                    \n<div class=\"fs-bg\">\n\n    <div class=\"fs-bg-el fs-bg-primary is-rounded\">\n            <\/div>\n\n    \n<\/div>\n\n                <\/div>\n                            <div class=\"col-4 box-item space-between boxed text-dark\">\n                    <div class=\"box-item-top\">\n                        <div class=\"box-title h5\">Subvention d'investissement<\/div>\n                    <\/div>\n                    <div class=\"box-item-bottom\">\n                        <p class=\"box-text\">Applicable pour le Luxembourg<\/p>\n                        <p class=\"box-number\"><span class=\"box-number-label h1\"><strong>50<\/strong><\/span><span class=\"box-number-val h4\">%<\/span><\/p>\n                    <\/div>\n\n                    \n<div class=\"fs-bg\">\n\n    <div class=\"fs-bg-el fs-bg-light is-rounded\">\n            <\/div>\n\n    \n<\/div>\n\n                <\/div>\n                            <div class=\"col-4 box-item space-between boxed\">\n                    <div class=\"box-item-top\">\n                        <div class=\"box-title h5\">R\u00e9duction du CO2<\/div>\n                    <\/div>\n                    <div class=\"box-item-bottom\">\n                        <p class=\"box-text\">En fonction de diff\u00e9rents facteurs, par an et par kWp install\u00e9, jusqu'\u00e0 <\/p>\n                        <p class=\"box-number\"><span class=\"box-number-label h1\"><strong>1500<\/strong><\/span><span class=\"box-number-val h4\">kg<\/span><\/p>\n                    <\/div>\n\n                    \n<div class=\"fs-bg\">\n\n    <div class=\"fs-bg-el fs-bg-dark is-rounded\">\n            <\/div>\n\n    \n<\/div>\n\n                <\/div>\n                        <\/div>\n\n        <\/div>\n    <\/div>\n<\/section>\n\n\n\n\n<section class=\"gallery-section section fs-gallery-type-logos\">\n    <div class=\"section-inner\">\n        <div class=\"wrapper\">\n\n                        <div class=\"grid-row spaced-xlarge\">\n                <div class=\"col-4\"> \n                <\/div>\n                <div class=\"col-8\">\n                    <h1 class=\"h3\"><span class=\"word-lettering\">Nous coop\u00e9rons avec des leaders du march\u00e9 renomm\u00e9s.<\/span><\/h1>                                    <\/div>\n            <\/div>\n            <div class=\"fs-spacer-large\"><\/div>\n                        \n                        \n<div class=\"grid-row sm-2-col spaced-medium fs-gallery vertical-center-align\">\n\n        <div class=\"col-3 fs-gallery-item\">\n        \n<div class=\"fs-media fs-media-ratio-auto sm-ratio- rounded-corners\">\n    <div class=\"fs-media-item\">\n        <img src=\"https:\/\/kswtrade.com\/wp-content\/uploads\/2024\/02\/huawei.svg\" srcset=\"https:\/\/kswtrade.com\/wp-content\/uploads\/2024\/02\/huawei.svg 512w\"  width=\"\" height=\"\" alt=\"huawei\" decoding=\"async\" loading=\"lazy\" >    <\/div>\n<\/div>\n    <\/div>\n        <div class=\"col-3 fs-gallery-item\">\n        \n<div class=\"fs-media fs-media-ratio-auto sm-ratio- rounded-corners\">\n    <div class=\"fs-media-item\">\n        <img src=\"https:\/\/kswtrade.com\/wp-content\/uploads\/2024\/02\/novotegra.svg\" srcset=\"https:\/\/kswtrade.com\/wp-content\/uploads\/2024\/02\/novotegra.svg 512w\"  width=\"\" height=\"\" alt=\"novotegra\" decoding=\"async\" loading=\"lazy\" >    <\/div>\n<\/div>\n    <\/div>\n        <div class=\"col-3 fs-gallery-item\">\n        \n<div class=\"fs-media fs-media-ratio-auto sm-ratio- rounded-corners\">\n    <div class=\"fs-media-item\">\n        <img src=\"https:\/\/kswtrade.com\/wp-content\/uploads\/2024\/02\/sma.svg\" srcset=\"https:\/\/kswtrade.com\/wp-content\/uploads\/2024\/02\/sma.svg 512w\"  width=\"\" height=\"\" alt=\"sma\" decoding=\"async\" loading=\"lazy\" >    <\/div>\n<\/div>\n    <\/div>\n        <div class=\"col-3 fs-gallery-item\">\n        \n<div class=\"fs-media fs-media-ratio-auto sm-ratio- rounded-corners\">\n    <div class=\"fs-media-item\">\n        <img src=\"https:\/\/kswtrade.com\/wp-content\/uploads\/2024\/02\/solarcleano.svg\" srcset=\"https:\/\/kswtrade.com\/wp-content\/uploads\/2024\/02\/solarcleano.svg 512w\"  width=\"\" height=\"\" alt=\"solarcleano\" decoding=\"async\" loading=\"lazy\" >    <\/div>\n<\/div>\n    <\/div>\n    \n<\/div>\n            \n        <\/div>\n    <\/div>\n\n<\/section>\n\n\n\n\n<section class=\"cta-section section text-dark\">\n    <div class=\"section-inner\">\n        <div class=\"wrapper-full\">\n\n            <div class=\"grid-row vertical-bottom-align\">\n                <div class=\"col-7\"> \n                                        <h1 class=\"h2 pagetitle\"><span class=\"word-lettering\">Pr\u00eat \u00e0 optimiser<br \/>\r\nvotre \u00e9nergie ?<\/span><\/h1>\n                    <div class=\"fs-spacer-large\"><\/div>    \n                    <div class=\"fs-spacer-large\"><\/div>    \n                    <div class=\"fs-spacer-large\"><\/div>    \n                                        <div class=\"editor-content max-480\"><p class=\"h6\">Concevons ensemble votre solution photovolta\u00efque personnalis\u00e9e. Nous nous r\u00e9jouissons de r\u00e9pondre \u00e0 vos questions et de vous montrer la voie vers une production d'\u00e9nergie efficace.<\/p>\n<\/div>                <\/div>\n                                <div class=\"col-5\">\n                    \n<p class=\"align-right sm-align-left\">\n\n<a class=\"btn  btn-size-big\" href=\"#\" target=\"\">\n        <span class=\"btn-text\">Contactez nous<\/span>\n        <span class=\"btn-icon fs-icon fs-icon-background\"><?xml version=\"1.0\" encoding=\"utf-8\"?>\n<!-- Generator: Adobe Illustrator 28.0.0, SVG Export Plug-In . SVG Version: 6.00 Build 0)  -->\n<svg version=\"1.1\" id=\"Ebene_1\" xmlns=\"http:\/\/www.w3.org\/2000\/svg\" xmlns:xlink=\"http:\/\/www.w3.org\/1999\/xlink\" x=\"0px\" y=\"0px\"\n\t viewbox=\"0 0 180.8 180.6\" style=\"enable-background:new 0 0 180.8 180.6;\" xml:space=\"preserve\" fill=\"currentColor\">\n<path d=\"M142.8,98.6c-1.8,0-3,0-4.2,0c-43.1,0-86.2,0-129.3,0.1c-1.9,0-2.5-0.6-2.4-2.4c0.2-4.1,0.2-8.1,0-12.2\tc-0.1-1.8,0.6-2.3,2.3-2.3c18.2,0.1,36.3,0,54.5,0c25.6,0,51.3,0,76.8,0c0.6,0,1.2,0.2,1.9-0.5c-3-3.1-5.9-6.4-8.9-9.5\tc-10.4-11.1-20.9-22.2-31.4-33.2c-1.4-1.5-1.5-2.2,0.2-3.5c3.3-2.8,6.5-5.7,9.6-8.7c1.2-1.1,1.8-1.3,3,0.1\tc15.1,16.4,30.3,32.8,45.4,49.1c4.2,4.4,8.2,9,12.4,13.4c0.9,1,1,1.6,0.1,2.6c-10.9,11.7-21.8,23.5-32.6,35.2\tc-8.2,9-16.5,17.8-24.8,26.8c-1.4,1.6-2.3,2.1-4.1,0.3c-3-3.1-6.4-6-9.7-8.9c-1.1-0.9-1-1.5,0-2.5c13.1-13.9,26.2-27.9,39.3-41.8\tC141.7,100,142.1,99.5,142.8,98.6z\"\/>\n<\/svg>\n<\/span>\n    <\/a>\n\n<\/p\">\n                <\/div>\n                            <\/div>\n\n        <\/div>\n    <\/div>\n\n    \n<div class=\"fs-bg\">\n\n    <div class=\"fs-bg-el fs-bg-primary is-rounded\">\n            <\/div>\n\n    \n<\/div>\n\n\n<\/section>","protected":false},"excerpt":{"rendered":"","protected":false},"author":1,"featured_media":0,"parent":0,"menu_order":0,"comment_status":"closed","ping_status":"open","template":"","meta":{"footnotes":""},"class_list":["post-2","page","type-page","status-publish","hentry"],"acf":[],"_links":{"self":[{"href":"https:\/\/kswtrade.com\/fr\/wp-json\/wp\/v2\/pages\/2","targetHints":{"allow":["GET"]}}],"collection":[{"href":"https:\/\/kswtrade.com\/fr\/wp-json\/wp\/v2\/pages"}],"about":[{"href":"https:\/\/kswtrade.com\/fr\/wp-json\/wp\/v2\/types\/page"}],"author":[{"embeddable":true,"href":"https:\/\/kswtrade.com\/fr\/wp-json\/wp\/v2\/users\/1"}],"replies":[{"embeddable":true,"href":"https:\/\/kswtrade.com\/fr\/wp-json\/wp\/v2\/comments?post=2"}],"version-history":[{"count":60,"href":"https:\/\/kswtrade.com\/fr\/wp-json\/wp\/v2\/pages\/2\/revisions"}],"predecessor-version":[{"id":385,"href":"https:\/\/kswtrade.com\/fr\/wp-json\/wp\/v2\/pages\/2\/revisions\/385"}],"wp:attachment":[{"href":"https:\/\/kswtrade.com\/fr\/wp-json\/wp\/v2\/media?parent=2"}],"curies":[{"name":"wp","href":"https:\/\/api.w.org\/{rel}","templated":true}]}}