{"id":3,"date":"2024-02-18T23:12:45","date_gmt":"2024-02-18T22:12:45","guid":{"rendered":"https:\/\/kswtrade.com\/?page_id=3"},"modified":"2024-04-10T10:08:44","modified_gmt":"2024-04-10T08:08:44","slug":"datenschutzerklaerung","status":"publish","type":"page","link":"https:\/\/kswtrade.com\/fr\/datenschutzerklaerung\/","title":{"rendered":"Confidentialit\u00e9"},"content":{"rendered":"<section class=\"hero-section section\">\n\n    <div class=\"section-inner page-title\">\n        <div class=\"wrapper-small\">\n\n            <div class=\"grid-row vertical-bottom-align\">\n                <div class=\"col-8\"> \n                    <h1 class=\"h1 pagetitle\"><span class=\"word-lettering\">Confidentialit\u00e9<\/span><\/h1>                <\/div>\n                            <\/div>\n           \n\n        <\/div>\n    <\/div>\n\n\n    \n<\/section>\n\n\n\n\n\n\n<section class=\"text-section section\">\n    <div class=\"section-inner\">\n        <div class=\"wrapper-small\">\n\n            <div class=\"grid-row\">\n                <div class=\"col-12 editor-content\"> \n                <h5><strong>Remarques g\u00e9n\u00e9rales<\/strong><\/h5>\n<p>Les remarques suivantes donnent un aper\u00e7u simple de ce qui se passe avec vos donn\u00e9es personnelles lorsque vous visitez notre site web. Les donn\u00e9es personnelles sont toutes les donn\u00e9es qui permettent de vous identifier personnellement. Vous trouverez des informations d\u00e9taill\u00e9es sur le th\u00e8me de la protection des donn\u00e9es dans notre d\u00e9claration de protection des donn\u00e9es figurant sous ce texte.<\/p>\n<h5><strong>Traitement des donn\u00e9es \u00e0 caract\u00e8re personnel<\/strong><\/h5>\n<p>Les donn\u00e9es \u00e0 caract\u00e8re personnel ne peuvent \u00eatre collect\u00e9es et trait\u00e9es que conform\u00e9ment aux r\u00e8gles des lois sur la protection des donn\u00e9es. Dans certains cas, notamment lorsque l'utilisateur remplit et envoie un formulaire sur le site, il est possible que certaines donn\u00e9es personnelles soient enregistr\u00e9es sur le serveur. Ces informations sont consid\u00e9r\u00e9es comme confidentielles et trait\u00e9es en cons\u00e9quence. Elles ne sont donc jamais vendues ou transmises \u00e0 des tiers sans l'accord pr\u00e9alable de l'utilisateur.<\/p>\n<p>Si le site dispose d'une newsletter, l'utilisateur peut s'y inscrire afin de recevoir r\u00e9guli\u00e8rement des informations par e-mail. Dans ce cas, l'\u00e9diteur a besoin d'une adresse e-mail valide, que l'utilisateur qui s'inscrit transmet via le formulaire pr\u00e9vu \u00e0 cet effet. L'utilisateur confirme \u00eatre le propri\u00e9taire de l'adresse e-mail transmise et donne son consentement \u00e0 la r\u00e9ception d'e-mails par le site ou l'\u00e9diteur. L'utilisateur a le droit de se d\u00e9sinscrire \u00e0 tout moment. L'utilisateur a le droit de consulter ses donn\u00e9es personnelles afin d'en v\u00e9rifier l'exactitude et, le cas \u00e9ch\u00e9ant, d'en demander la rectification. Pour ce faire, il envoie une lettre recommand\u00e9e \u00e0 l'\u00e9diteur du site dont les coordonn\u00e9es sont indiqu\u00e9es ci-dessus.<\/p>\n<h5><strong>Log-Datas<\/strong><\/h5>\n<p>Lorsque vous visitez notre site web ou utilisez nos services, l'appareil avec lequel vous acc\u00e9dez \u00e0 la page transmet automatiquement des donn\u00e9es log (donn\u00e9es de connexion) \u00e0 nos serveurs. Les donn\u00e9es log contiennent l'adresse IP de l'appareil avec lequel vous acc\u00e9dez au site, le type de navigateur que vous utilisez pour acc\u00e9der au site, ainsi que la date et l'heure.<\/p>\n<p>Ces donn\u00e9es d'acc\u00e8s sont \u00e9valu\u00e9es dans le seul but d'assurer un fonctionnement sans faille du site et d'am\u00e9liorer notre offre. Toutes les donn\u00e9es d'acc\u00e8s sont effac\u00e9es au plus tard 30 jours apr\u00e8s la fin de votre visite sur le site.<\/p>\n<h5><strong>Cookies<\/strong><\/h5>\n<p>Ce site web utilise des cookies. Les cookies sont de petits fichiers texte non dangereux qui n'ont en aucun cas d'impact sur votre vie priv\u00e9e ou sur la s\u00e9curit\u00e9 de votre ordinateur.  Les cookies am\u00e9liorent le confort de l'utilisateur sur le site et permettent \u00e0 l'\u00e9diteur de tenir des statistiques anonymes de fr\u00e9quentation du site. Veuillez consulter les instructions de votre navigateur web pour obtenir des informations sur la mani\u00e8re d'interdire ou de supprimer les cookies sur votre ordinateur.<\/p>\n<h5><strong>Google Analytics<\/strong><\/h5>\n<p>Ce site web n'utilise pas Google Analytics.<\/p>\n<h5><strong>Webfonts<\/strong><\/h5>\n<p>Des polices de caract\u00e8res externes sont utilis\u00e9es sur notre site web.<\/p>\n<h6>Google Fonts<\/h6>\n<p>Google Fonts est un service de Google Inc (\"Google\"). L'int\u00e9gration de ces polices web se fait par un appel au serveur, en g\u00e9n\u00e9ral un serveur de Google aux \u00c9tats-Unis. Cela permet de transmettre au serveur lequel de nos sites Internet vous avez visit\u00e9. L'adresse IP du navigateur du terminal du visiteur de ces pages Internet est \u00e9galement enregistr\u00e9e par Google. Vous trouverez de plus amples informations dans les consignes de protection des donn\u00e9es de Google, que vous pouvez consulter ici :<br \/>\n<a href=\"https:\/\/fonts.google.com\/\" target=\"_blank\" rel=\"noopener noreferrer\">https:\/\/fonts.google.com<\/a><br \/>\n<a href=\"http:\/\/www.google.com\/policies\/privacy\/\">www.google.com\/policies\/privacy\/<\/a><\/p>\n   \n                <\/div>\n            <\/div>\n\n        <\/div>\n    <\/div>\n\n<\/section>","protected":false},"excerpt":{"rendered":"","protected":false},"author":1,"featured_media":0,"parent":0,"menu_order":0,"comment_status":"closed","ping_status":"open","template":"","meta":{"footnotes":""},"class_list":["post-3","page","type-page","status-publish","hentry"],"acf":[],"_links":{"self":[{"href":"https:\/\/kswtrade.com\/fr\/wp-json\/wp\/v2\/pages\/3","targetHints":{"allow":["GET"]}}],"collection":[{"href":"https:\/\/kswtrade.com\/fr\/wp-json\/wp\/v2\/pages"}],"about":[{"href":"https:\/\/kswtrade.com\/fr\/wp-json\/wp\/v2\/types\/page"}],"author":[{"embeddable":true,"href":"https:\/\/kswtrade.com\/fr\/wp-json\/wp\/v2\/users\/1"}],"replies":[{"embeddable":true,"href":"https:\/\/kswtrade.com\/fr\/wp-json\/wp\/v2\/comments?post=3"}],"version-history":[{"count":9,"href":"https:\/\/kswtrade.com\/fr\/wp-json\/wp\/v2\/pages\/3\/revisions"}],"predecessor-version":[{"id":285,"href":"https:\/\/kswtrade.com\/fr\/wp-json\/wp\/v2\/pages\/3\/revisions\/285"}],"wp:attachment":[{"href":"https:\/\/kswtrade.com\/fr\/wp-json\/wp\/v2\/media?parent=3"}],"curies":[{"name":"wp","href":"https:\/\/api.w.org\/{rel}","templated":true}]}}